{"id":2335,"date":"2024-06-13T08:52:16","date_gmt":"2024-06-13T08:52:16","guid":{"rendered":"https:\/\/www.cars-in-china.com\/?post_type=product&#038;p=2335"},"modified":"2024-09-10T09:24:56","modified_gmt":"2024-09-10T09:24:56","slug":"2021-byd-e2","status":"publish","type":"product","link":"https:\/\/www.cars-in-china.com\/es\/2021-byd-e2\/","title":{"rendered":"BYD E2 2021"},"content":{"rendered":"<p>2021 BYD E2 es un sed\u00e1n vendido por el exportador de autom\u00f3viles el\u00e9ctricos de China DUDU NEV (distribuidor autorizado oficial de BYD). El autom\u00f3vil est\u00e1 en buenas condiciones con un kilometraje muy bajo de aproximadamente 80,000-200,000 km. No tiene accidentes y tiene un informe de inspecci\u00f3n. El coche est\u00e1 equipado con una imagen Astern. Ahora hay 100 unidades en stock sobre el autom\u00f3vil disponible para env\u00edo en 3 d\u00edas. Es una venta caliente en todo el mundo.<\/p>","protected":false},"excerpt":{"rendered":"<p>El BYD E2 2021 es un sed\u00e1n vendido por el exportador chino de autom\u00f3viles el\u00e9ctricos DUDU NEV (distribuidor oficial autorizado de BYD). El autom\u00f3vil se encuentra en buenas condiciones con un kilometraje muy bajo, de aproximadamente 80\u00a0000 a 200\u00a0000 km. No presenta accidentes y tiene un informe de inspecci\u00f3n. El autom\u00f3vil est\u00e1 equipado con una imagen Astern. Actualmente hay 100 unidades en stock del autom\u00f3vil disponibles para env\u00edo en [\u2026]<\/p>","protected":false},"featured_media":2322,"comment_status":"open","ping_status":"closed","template":"","meta":{"_acf_changed":false},"product_brand":[],"product_cat":[62,21],"product_tag":[],"class_list":{"0":"post-2335","1":"product","2":"type-product","3":"status-publish","4":"has-post-thumbnail","6":"product_cat-used-byd","7":"product_cat-used-car","9":"first","10":"instock","11":"shipping-taxable","12":"purchasable","13":"product-type-simple"},"acf":[],"_links":{"self":[{"href":"https:\/\/www.cars-in-china.com\/es\/wp-json\/wp\/v2\/product\/2335","targetHints":{"allow":["GET"]}}],"collection":[{"href":"https:\/\/www.cars-in-china.com\/es\/wp-json\/wp\/v2\/product"}],"about":[{"href":"https:\/\/www.cars-in-china.com\/es\/wp-json\/wp\/v2\/types\/product"}],"replies":[{"embeddable":true,"href":"https:\/\/www.cars-in-china.com\/es\/wp-json\/wp\/v2\/comments?post=2335"}],"wp:featuredmedia":[{"embeddable":true,"href":"https:\/\/www.cars-in-china.com\/es\/wp-json\/wp\/v2\/media\/2322"}],"wp:attachment":[{"href":"https:\/\/www.cars-in-china.com\/es\/wp-json\/wp\/v2\/media?parent=2335"}],"wp:term":[{"taxonomy":"product_brand","embeddable":true,"href":"https:\/\/www.cars-in-china.com\/es\/wp-json\/wp\/v2\/product_brand?post=2335"},{"taxonomy":"product_cat","embeddable":true,"href":"https:\/\/www.cars-in-china.com\/es\/wp-json\/wp\/v2\/product_cat?post=2335"},{"taxonomy":"product_tag","embeddable":true,"href":"https:\/\/www.cars-in-china.com\/es\/wp-json\/wp\/v2\/product_tag?post=2335"}],"curies":[{"name":"wp","href":"https:\/\/api.w.org\/{rel}","templated":true}]}}