{"id":2310,"date":"2024-06-13T08:02:12","date_gmt":"2024-06-13T08:02:12","guid":{"rendered":"https:\/\/www.cars-in-china.com\/?post_type=product&#038;p=2310"},"modified":"2024-09-10T09:55:19","modified_gmt":"2024-09-10T09:55:19","slug":"2021-chevrolet-monza","status":"publish","type":"product","link":"https:\/\/www.cars-in-china.com\/es\/2021-chevrolet-monza\/","title":{"rendered":"Chevrolet Monza 2021"},"content":{"rendered":"<p>El Chevrolet Monza 2021 es un sed\u00e1n vendido por el exportador de autom\u00f3viles el\u00e9ctricos de China DUDU NEV (distribuidor autorizado oficial de Chevrolet). El autom\u00f3vil est\u00e1 en buenas condiciones con un kilometraje muy bajo de aproximadamente 20 000 a 80 000 km. No ha sufrido accidentes y tiene un informe de inspecci\u00f3n. Ahora hay 300 unidades en stock del autom\u00f3vil disponibles para env\u00edo en 3 d\u00edas. El autom\u00f3vil est\u00e1 equipado con techo corredizo el\u00e9ctrico. Es un producto de gran venta en todo el mundo.<\/p>","protected":false},"excerpt":{"rendered":"<p>El Chevrolet Monza 2021 es un sed\u00e1n vendido por DUDU NEV, exportador chino de veh\u00edculos el\u00e9ctricos (concesionario oficial autorizado de Chevrolet). El veh\u00edculo se encuentra en buen estado, con un kilometraje muy bajo (entre 20\u00a0000 y 80\u00a0000 km). No ha sufrido accidentes y cuenta con un informe de inspecci\u00f3n. Hay 300 unidades en stock, disponibles para env\u00edo en 3 d\u00edas. El veh\u00edculo est\u00e1 equipado con [\u2026]<\/p>","protected":false},"featured_media":2303,"comment_status":"open","ping_status":"closed","template":"","meta":{"_acf_changed":false},"product_brand":[],"product_cat":[21,64],"product_tag":[],"class_list":{"0":"post-2310","1":"product","2":"type-product","3":"status-publish","4":"has-post-thumbnail","6":"product_cat-used-car","7":"product_cat-used-chevrolet","9":"first","10":"instock","11":"shipping-taxable","12":"purchasable","13":"product-type-simple"},"acf":[],"_links":{"self":[{"href":"https:\/\/www.cars-in-china.com\/es\/wp-json\/wp\/v2\/product\/2310","targetHints":{"allow":["GET"]}}],"collection":[{"href":"https:\/\/www.cars-in-china.com\/es\/wp-json\/wp\/v2\/product"}],"about":[{"href":"https:\/\/www.cars-in-china.com\/es\/wp-json\/wp\/v2\/types\/product"}],"replies":[{"embeddable":true,"href":"https:\/\/www.cars-in-china.com\/es\/wp-json\/wp\/v2\/comments?post=2310"}],"wp:featuredmedia":[{"embeddable":true,"href":"https:\/\/www.cars-in-china.com\/es\/wp-json\/wp\/v2\/media\/2303"}],"wp:attachment":[{"href":"https:\/\/www.cars-in-china.com\/es\/wp-json\/wp\/v2\/media?parent=2310"}],"wp:term":[{"taxonomy":"product_brand","embeddable":true,"href":"https:\/\/www.cars-in-china.com\/es\/wp-json\/wp\/v2\/product_brand?post=2310"},{"taxonomy":"product_cat","embeddable":true,"href":"https:\/\/www.cars-in-china.com\/es\/wp-json\/wp\/v2\/product_cat?post=2310"},{"taxonomy":"product_tag","embeddable":true,"href":"https:\/\/www.cars-in-china.com\/es\/wp-json\/wp\/v2\/product_tag?post=2310"}],"curies":[{"name":"wp","href":"https:\/\/api.w.org\/{rel}","templated":true}]}}