{"id":2284,"date":"2024-06-13T07:24:39","date_gmt":"2024-06-13T07:24:39","guid":{"rendered":"https:\/\/www.cars-in-china.com\/?post_type=product&#038;p=2284"},"modified":"2024-09-10T09:36:25","modified_gmt":"2024-09-10T09:36:25","slug":"2023-byd-seagull","status":"publish","type":"product","link":"https:\/\/www.cars-in-china.com\/es\/2023-byd-seagull\/","title":{"rendered":"GAVIOTA BYD 2023"},"content":{"rendered":"<p>El BYD SEAGULL 2023 es un sed\u00e1n vendido por el exportador de autom\u00f3viles el\u00e9ctricos de China DUDU NEV (distribuidor autorizado oficial de BYD). El autom\u00f3vil est\u00e1 en buenas condiciones con un kilometraje muy bajo de aproximadamente 20 000 a 100 000 km. No ha sufrido accidentes y tiene un informe de inspecci\u00f3n. Ahora hay 300 unidades en stock del autom\u00f3vil disponibles para env\u00edo en 3 d\u00edas. El autom\u00f3vil est\u00e1 equipado con una imagen Astern. Es un producto de gran venta en todo el mundo.<\/p>","protected":false},"excerpt":{"rendered":"<p>El BYD SEAGULL 2023 es un sed\u00e1n vendido por DUDU NEV, exportador chino de veh\u00edculos el\u00e9ctricos (concesionario oficial autorizado de BYD). El veh\u00edculo se encuentra en buen estado, con un kilometraje muy bajo (entre 20\u00a0000 y 100\u00a0000 km). No ha sufrido accidentes y cuenta con un informe de inspecci\u00f3n. Hay 300 unidades en stock, disponibles para env\u00edo en 3 d\u00edas. El veh\u00edculo est\u00e1 equipado con sistema de asistencia en la popa [\u2026]<\/p>","protected":false},"featured_media":2275,"comment_status":"open","ping_status":"closed","template":"","meta":{"_acf_changed":false},"product_brand":[],"product_cat":[62,21],"product_tag":[],"class_list":{"0":"post-2284","1":"product","2":"type-product","3":"status-publish","4":"has-post-thumbnail","6":"product_cat-used-byd","7":"product_cat-used-car","9":"first","10":"instock","11":"shipping-taxable","12":"purchasable","13":"product-type-simple"},"acf":[],"_links":{"self":[{"href":"https:\/\/www.cars-in-china.com\/es\/wp-json\/wp\/v2\/product\/2284","targetHints":{"allow":["GET"]}}],"collection":[{"href":"https:\/\/www.cars-in-china.com\/es\/wp-json\/wp\/v2\/product"}],"about":[{"href":"https:\/\/www.cars-in-china.com\/es\/wp-json\/wp\/v2\/types\/product"}],"replies":[{"embeddable":true,"href":"https:\/\/www.cars-in-china.com\/es\/wp-json\/wp\/v2\/comments?post=2284"}],"wp:featuredmedia":[{"embeddable":true,"href":"https:\/\/www.cars-in-china.com\/es\/wp-json\/wp\/v2\/media\/2275"}],"wp:attachment":[{"href":"https:\/\/www.cars-in-china.com\/es\/wp-json\/wp\/v2\/media?parent=2284"}],"wp:term":[{"taxonomy":"product_brand","embeddable":true,"href":"https:\/\/www.cars-in-china.com\/es\/wp-json\/wp\/v2\/product_brand?post=2284"},{"taxonomy":"product_cat","embeddable":true,"href":"https:\/\/www.cars-in-china.com\/es\/wp-json\/wp\/v2\/product_cat?post=2284"},{"taxonomy":"product_tag","embeddable":true,"href":"https:\/\/www.cars-in-china.com\/es\/wp-json\/wp\/v2\/product_tag?post=2284"}],"curies":[{"name":"wp","href":"https:\/\/api.w.org\/{rel}","templated":true}]}}