{"id":2259,"date":"2024-06-13T06:36:23","date_gmt":"2024-06-13T06:36:23","guid":{"rendered":"https:\/\/www.cars-in-china.com\/?post_type=product&#038;p=2259"},"modified":"2024-08-27T03:24:47","modified_gmt":"2024-08-27T03:24:47","slug":"2022-mercedes-benz-eqb-260","status":"publish","type":"product","link":"https:\/\/www.cars-in-china.com\/es\/2022-mercedes-benz-eqb-260\/","title":{"rendered":"Mercedes-Benz EQB 260 2022"},"content":{"rendered":"<p>El Mercedes-Benz EQB 260 2022 es un SUV vendido por el exportador de autom\u00f3viles el\u00e9ctricos de China DUDU NEV (distribuidor oficial autorizado de Mercedes). El autom\u00f3vil est\u00e1 en buenas condiciones con un kilometraje muy bajo de aproximadamente 20 000 a 80 000 km. No ha sufrido accidentes y tiene un informe de inspecci\u00f3n. Ahora hay 200 unidades en stock del autom\u00f3vil disponibles para env\u00edo en 3 d\u00edas. El autom\u00f3vil est\u00e1 equipado con una imagen Astern. Es una venta caliente en todo el mundo.<\/p>","protected":false},"excerpt":{"rendered":"<p>El Mercedes-Benz EQB 260 2022 es un SUV vendido por DUDU NEV, exportador chino de veh\u00edculos el\u00e9ctricos (concesionario oficial autorizado de Mercedes). El veh\u00edculo se encuentra en buen estado, con un kilometraje muy bajo (entre 20\u00a0000 y 80\u00a0000 km). No ha sufrido accidentes y cuenta con un informe de inspecci\u00f3n. Actualmente hay 200 unidades en stock, disponibles para env\u00edo en 3 d\u00edas. El veh\u00edculo est\u00e1 [\u2026]<\/p>","protected":false},"featured_media":2250,"comment_status":"open","ping_status":"closed","template":"","meta":{"_acf_changed":false},"product_brand":[],"product_cat":[72,21],"product_tag":[],"class_list":{"0":"post-2259","1":"product","2":"type-product","3":"status-publish","4":"has-post-thumbnail","6":"product_cat-used-mercedes-benz","7":"product_cat-used-car","9":"first","10":"instock","11":"shipping-taxable","12":"purchasable","13":"product-type-simple"},"acf":[],"_links":{"self":[{"href":"https:\/\/www.cars-in-china.com\/es\/wp-json\/wp\/v2\/product\/2259","targetHints":{"allow":["GET"]}}],"collection":[{"href":"https:\/\/www.cars-in-china.com\/es\/wp-json\/wp\/v2\/product"}],"about":[{"href":"https:\/\/www.cars-in-china.com\/es\/wp-json\/wp\/v2\/types\/product"}],"replies":[{"embeddable":true,"href":"https:\/\/www.cars-in-china.com\/es\/wp-json\/wp\/v2\/comments?post=2259"}],"wp:featuredmedia":[{"embeddable":true,"href":"https:\/\/www.cars-in-china.com\/es\/wp-json\/wp\/v2\/media\/2250"}],"wp:attachment":[{"href":"https:\/\/www.cars-in-china.com\/es\/wp-json\/wp\/v2\/media?parent=2259"}],"wp:term":[{"taxonomy":"product_brand","embeddable":true,"href":"https:\/\/www.cars-in-china.com\/es\/wp-json\/wp\/v2\/product_brand?post=2259"},{"taxonomy":"product_cat","embeddable":true,"href":"https:\/\/www.cars-in-china.com\/es\/wp-json\/wp\/v2\/product_cat?post=2259"},{"taxonomy":"product_tag","embeddable":true,"href":"https:\/\/www.cars-in-china.com\/es\/wp-json\/wp\/v2\/product_tag?post=2259"}],"curies":[{"name":"wp","href":"https:\/\/api.w.org\/{rel}","templated":true}]}}