{"id":2228,"date":"2024-06-13T06:11:25","date_gmt":"2024-06-13T06:11:25","guid":{"rendered":"https:\/\/www.cars-in-china.com\/?post_type=product&#038;p=2228"},"modified":"2024-09-10T09:16:29","modified_gmt":"2024-09-10T09:16:29","slug":"2023-bmw-i3","status":"publish","type":"product","link":"https:\/\/www.cars-in-china.com\/es\/2023-bmw-i3\/","title":{"rendered":"BMW I3 2023"},"content":{"rendered":"<p>El BMW I3 2023 es un sed\u00e1n vendido por el exportador de autom\u00f3viles el\u00e9ctricos de China DUDU NEV (distribuidor oficial autorizado de BMW). El autom\u00f3vil est\u00e1 en buenas condiciones con un kilometraje muy bajo, aproximadamente 30.000-100.000 km. No tiene accidentes y tiene un informe de inspecci\u00f3n. El coche est\u00e1 equipado con una imagen panor\u00e1mica de 360 grados. Ahora hay 100 unidades en stock sobre el autom\u00f3vil disponible para env\u00edo en 3 d\u00edas. Es una venta caliente en todo el mundo.<\/p>","protected":false},"excerpt":{"rendered":"<p>El BMW I3 2023 es un sed\u00e1n vendido por el exportador chino de autom\u00f3viles el\u00e9ctricos DUDU NEV (distribuidor oficial autorizado de BMW). El autom\u00f3vil se encuentra en buenas condiciones con un kilometraje muy bajo de aproximadamente 30,000 a 100,000 km. No presenta accidentes y tiene un informe de inspecci\u00f3n. El autom\u00f3vil est\u00e1 equipado con una imagen panor\u00e1mica de 360 grados. Actualmente hay 100 unidades en stock sobre el autom\u00f3vil disponible [\u2026]<\/p>","protected":false},"featured_media":2135,"comment_status":"open","ping_status":"closed","template":"","meta":{"_acf_changed":false},"product_brand":[],"product_cat":[21,60],"product_tag":[],"class_list":{"0":"post-2228","1":"product","2":"type-product","3":"status-publish","4":"has-post-thumbnail","6":"product_cat-used-car","7":"product_cat-used-bmw","9":"first","10":"instock","11":"shipping-taxable","12":"purchasable","13":"product-type-simple"},"acf":[],"_links":{"self":[{"href":"https:\/\/www.cars-in-china.com\/es\/wp-json\/wp\/v2\/product\/2228","targetHints":{"allow":["GET"]}}],"collection":[{"href":"https:\/\/www.cars-in-china.com\/es\/wp-json\/wp\/v2\/product"}],"about":[{"href":"https:\/\/www.cars-in-china.com\/es\/wp-json\/wp\/v2\/types\/product"}],"replies":[{"embeddable":true,"href":"https:\/\/www.cars-in-china.com\/es\/wp-json\/wp\/v2\/comments?post=2228"}],"wp:featuredmedia":[{"embeddable":true,"href":"https:\/\/www.cars-in-china.com\/es\/wp-json\/wp\/v2\/media\/2135"}],"wp:attachment":[{"href":"https:\/\/www.cars-in-china.com\/es\/wp-json\/wp\/v2\/media?parent=2228"}],"wp:term":[{"taxonomy":"product_brand","embeddable":true,"href":"https:\/\/www.cars-in-china.com\/es\/wp-json\/wp\/v2\/product_brand?post=2228"},{"taxonomy":"product_cat","embeddable":true,"href":"https:\/\/www.cars-in-china.com\/es\/wp-json\/wp\/v2\/product_cat?post=2228"},{"taxonomy":"product_tag","embeddable":true,"href":"https:\/\/www.cars-in-china.com\/es\/wp-json\/wp\/v2\/product_tag?post=2228"}],"curies":[{"name":"wp","href":"https:\/\/api.w.org\/{rel}","templated":true}]}}