{"id":1920,"date":"2024-06-04T07:18:44","date_gmt":"2024-06-04T07:18:44","guid":{"rendered":"https:\/\/www.cars-in-china.com\/?post_type=product&#038;p=1920"},"modified":"2025-02-05T11:00:23","modified_gmt":"2025-02-05T03:00:23","slug":"2022-neta-u","status":"publish","type":"product","link":"https:\/\/www.cars-in-china.com\/es\/2022-neta-u\/","title":{"rendered":"2022 NETA U pro 400"},"content":{"rendered":"<p>El NETA U pro 400 2022 es un SUV compacto vendido por el exportador de autom\u00f3viles el\u00e9ctricos de China DUDU NEV (distribuidor autorizado oficial de Hozon). El autom\u00f3vil est\u00e1 en buenas condiciones con un kilometraje muy bajo de aproximadamente 60.000 a 100.000 km. No ha sufrido accidentes y tiene un informe de inspecci\u00f3n. Ahora hay 100 unidades en stock del autom\u00f3vil disponibles para env\u00edo en 3 d\u00edas. El autom\u00f3vil est\u00e1 equipado con una c\u00e1mara de marcha atr\u00e1s. Es una venta caliente en todo el mundo.<\/p>","protected":false},"excerpt":{"rendered":"<p>El NETA U pro 400 2022 es un SUV compacto comercializado por DUDU NEV, exportador chino de veh\u00edculos el\u00e9ctricos (concesionario oficial autorizado de Hozon). El veh\u00edculo se encuentra en buen estado, con un kilometraje muy bajo (entre 60\u00a0000 y 100\u00a0000 km). No ha sufrido accidentes y cuenta con un informe de inspecci\u00f3n. Actualmente hay 100 unidades en stock, disponibles para env\u00edo en 3 [\u2026]<\/p>","protected":false},"featured_media":1935,"comment_status":"closed","ping_status":"closed","template":"","meta":{"_acf_changed":false},"product_brand":[],"product_cat":[21,56],"product_tag":[],"class_list":{"0":"post-1920","1":"product","2":"type-product","3":"status-publish","4":"has-post-thumbnail","6":"product_cat-used-car","7":"product_cat-used-neta","9":"first","10":"instock","11":"shipping-taxable","12":"purchasable","13":"product-type-simple"},"acf":[],"_links":{"self":[{"href":"https:\/\/www.cars-in-china.com\/es\/wp-json\/wp\/v2\/product\/1920","targetHints":{"allow":["GET"]}}],"collection":[{"href":"https:\/\/www.cars-in-china.com\/es\/wp-json\/wp\/v2\/product"}],"about":[{"href":"https:\/\/www.cars-in-china.com\/es\/wp-json\/wp\/v2\/types\/product"}],"replies":[{"embeddable":true,"href":"https:\/\/www.cars-in-china.com\/es\/wp-json\/wp\/v2\/comments?post=1920"}],"wp:featuredmedia":[{"embeddable":true,"href":"https:\/\/www.cars-in-china.com\/es\/wp-json\/wp\/v2\/media\/1935"}],"wp:attachment":[{"href":"https:\/\/www.cars-in-china.com\/es\/wp-json\/wp\/v2\/media?parent=1920"}],"wp:term":[{"taxonomy":"product_brand","embeddable":true,"href":"https:\/\/www.cars-in-china.com\/es\/wp-json\/wp\/v2\/product_brand?post=1920"},{"taxonomy":"product_cat","embeddable":true,"href":"https:\/\/www.cars-in-china.com\/es\/wp-json\/wp\/v2\/product_cat?post=1920"},{"taxonomy":"product_tag","embeddable":true,"href":"https:\/\/www.cars-in-china.com\/es\/wp-json\/wp\/v2\/product_tag?post=1920"}],"curies":[{"name":"wp","href":"https:\/\/api.w.org\/{rel}","templated":true}]}}