{"id":1902,"date":"2024-05-30T07:13:33","date_gmt":"2024-05-30T07:13:33","guid":{"rendered":"https:\/\/www.cars-in-china.com\/?post_type=product&#038;p=1902"},"modified":"2024-08-09T07:07:22","modified_gmt":"2024-08-09T07:07:22","slug":"2019-volkswagen-e-bora","status":"publish","type":"product","link":"https:\/\/www.cars-in-china.com\/es\/2019-volkswagen-e-bora\/","title":{"rendered":"Volkswagen e-BORA 2019"},"content":{"rendered":"<p>El Volkswagen e-Bora 2019 es un autom\u00f3vil compacto vendido por el exportador de autom\u00f3viles el\u00e9ctricos de China DUDU NEV (distribuidor autorizado oficial de Volkswagen). Este autom\u00f3vil est\u00e1 en buenas condiciones con un kilometraje muy bajo de aproximadamente 50 000 a 100 000 km. No ha sufrido accidentes y tiene un informe de inspecci\u00f3n. Ahora hay 300 unidades en stock del autom\u00f3vil disponibles para env\u00edo en 3 d\u00edas. El autom\u00f3vil est\u00e1 equipado con un techo corredizo que se puede abrir y ahorra combustible. Es un producto de gran venta en todo el mundo.<\/p>","protected":false},"excerpt":{"rendered":"<p>Volkswagen e-Bora 2019, un coche compacto, vendido por DUDU NEV, exportador chino de coches el\u00e9ctricos (concesionario oficial autorizado de Volkswagen). Este coche se encuentra en buen estado, con un kilometraje muy bajo (entre 50.000 y 100.000 km). No ha sufrido ning\u00fan accidente y cuenta con un informe de inspecci\u00f3n. Disponemos de 300 unidades en stock, disponibles para env\u00edo en 3 d\u00edas. El coche [\u2026]<\/p>","protected":false},"featured_media":1791,"comment_status":"open","ping_status":"closed","template":"","meta":{"_acf_changed":false},"product_brand":[],"product_cat":[21,44],"product_tag":[],"class_list":{"0":"post-1902","1":"product","2":"type-product","3":"status-publish","4":"has-post-thumbnail","6":"product_cat-used-car","7":"product_cat-used-volkswagen","9":"first","10":"instock","11":"shipping-taxable","12":"purchasable","13":"product-type-simple"},"acf":[],"_links":{"self":[{"href":"https:\/\/www.cars-in-china.com\/es\/wp-json\/wp\/v2\/product\/1902","targetHints":{"allow":["GET"]}}],"collection":[{"href":"https:\/\/www.cars-in-china.com\/es\/wp-json\/wp\/v2\/product"}],"about":[{"href":"https:\/\/www.cars-in-china.com\/es\/wp-json\/wp\/v2\/types\/product"}],"replies":[{"embeddable":true,"href":"https:\/\/www.cars-in-china.com\/es\/wp-json\/wp\/v2\/comments?post=1902"}],"wp:featuredmedia":[{"embeddable":true,"href":"https:\/\/www.cars-in-china.com\/es\/wp-json\/wp\/v2\/media\/1791"}],"wp:attachment":[{"href":"https:\/\/www.cars-in-china.com\/es\/wp-json\/wp\/v2\/media?parent=1902"}],"wp:term":[{"taxonomy":"product_brand","embeddable":true,"href":"https:\/\/www.cars-in-china.com\/es\/wp-json\/wp\/v2\/product_brand?post=1902"},{"taxonomy":"product_cat","embeddable":true,"href":"https:\/\/www.cars-in-china.com\/es\/wp-json\/wp\/v2\/product_cat?post=1902"},{"taxonomy":"product_tag","embeddable":true,"href":"https:\/\/www.cars-in-china.com\/es\/wp-json\/wp\/v2\/product_tag?post=1902"}],"curies":[{"name":"wp","href":"https:\/\/api.w.org\/{rel}","templated":true}]}}