{"id":1897,"date":"2024-05-30T05:47:02","date_gmt":"2024-05-30T05:47:02","guid":{"rendered":"https:\/\/www.cars-in-china.com\/?post_type=product&#038;p=1897"},"modified":"2024-08-09T07:11:13","modified_gmt":"2024-08-09T07:11:13","slug":"2022-volkswagen-id3-pro","status":"publish","type":"product","link":"https:\/\/www.cars-in-china.com\/es\/2022-volkswagen-id3-pro\/","title":{"rendered":"Volkswagen ID3 PRO 2022"},"content":{"rendered":"<p>El Volkswagen ID.3 pro 2022 es un sed\u00e1n vendido por el exportador de autom\u00f3viles el\u00e9ctricos de China DUDU NEV (distribuidor oficial autorizado de Volkswagen). El autom\u00f3vil est\u00e1 en buenas condiciones con un kilometraje muy bajo de aproximadamente 10,000-60,000 km. No ha sufrido accidentes y tiene un informe de inspecci\u00f3n. Ahora hay 100 unidades en stock del autom\u00f3vil disponibles para env\u00edo en 3 d\u00edas. El autom\u00f3vil est\u00e1 equipado con un techo corredizo el\u00e9ctrico que se puede abrir. Es una venta caliente en todo el mundo.<\/p>","protected":false},"excerpt":{"rendered":"<p>El Volkswagen ID.3 pro 2022 es un sed\u00e1n vendido por DUDU NEV, exportador chino de veh\u00edculos el\u00e9ctricos (concesionario oficial autorizado de Volkswagen). El veh\u00edculo se encuentra en buen estado, con un kilometraje muy bajo, de entre 10\u00a0000 y 60\u00a0000 km. No ha sufrido accidentes y cuenta con un informe de inspecci\u00f3n. Actualmente hay 100 unidades en stock, disponibles para env\u00edo en 3 d\u00edas. El veh\u00edculo est\u00e1 equipado con [\u2026]<\/p>","protected":false},"featured_media":3224,"comment_status":"open","ping_status":"closed","template":"","meta":{"_acf_changed":false},"product_brand":[],"product_cat":[21,44],"product_tag":[],"class_list":{"0":"post-1897","1":"product","2":"type-product","3":"status-publish","4":"has-post-thumbnail","6":"product_cat-used-car","7":"product_cat-used-volkswagen","9":"first","10":"instock","11":"shipping-taxable","12":"purchasable","13":"product-type-simple"},"acf":[],"_links":{"self":[{"href":"https:\/\/www.cars-in-china.com\/es\/wp-json\/wp\/v2\/product\/1897","targetHints":{"allow":["GET"]}}],"collection":[{"href":"https:\/\/www.cars-in-china.com\/es\/wp-json\/wp\/v2\/product"}],"about":[{"href":"https:\/\/www.cars-in-china.com\/es\/wp-json\/wp\/v2\/types\/product"}],"replies":[{"embeddable":true,"href":"https:\/\/www.cars-in-china.com\/es\/wp-json\/wp\/v2\/comments?post=1897"}],"wp:featuredmedia":[{"embeddable":true,"href":"https:\/\/www.cars-in-china.com\/es\/wp-json\/wp\/v2\/media\/3224"}],"wp:attachment":[{"href":"https:\/\/www.cars-in-china.com\/es\/wp-json\/wp\/v2\/media?parent=1897"}],"wp:term":[{"taxonomy":"product_brand","embeddable":true,"href":"https:\/\/www.cars-in-china.com\/es\/wp-json\/wp\/v2\/product_brand?post=1897"},{"taxonomy":"product_cat","embeddable":true,"href":"https:\/\/www.cars-in-china.com\/es\/wp-json\/wp\/v2\/product_cat?post=1897"},{"taxonomy":"product_tag","embeddable":true,"href":"https:\/\/www.cars-in-china.com\/es\/wp-json\/wp\/v2\/product_tag?post=1897"}],"curies":[{"name":"wp","href":"https:\/\/api.w.org\/{rel}","templated":true}]}}