{"id":1600,"date":"2024-06-04T07:07:14","date_gmt":"2024-06-04T07:07:14","guid":{"rendered":"https:\/\/www.cars-in-china.com\/?post_type=product&#038;p=1600"},"modified":"2024-08-09T07:13:01","modified_gmt":"2024-08-09T07:13:01","slug":"2023-toyota-bz3","status":"publish","type":"product","link":"https:\/\/www.cars-in-china.com\/es\/2023-toyota-bz3\/","title":{"rendered":"Toyota bZ3 2023"},"content":{"rendered":"<p>El Toyota bZ3 es un autom\u00f3vil de gama media vendido por el exportador chino de autom\u00f3viles el\u00e9ctricos DUDU NEV (distribuidor oficial autorizado de Toyota). El autom\u00f3vil se encuentra en buenas condiciones y tiene un kilometraje muy bajo, de unos 30 000 a 100 000 km. No ha sufrido ning\u00fan accidente y tiene un informe de inspecci\u00f3n. Ahora hay 400 unidades en stock del autom\u00f3vil disponibles para env\u00edo en 3 d\u00edas. El autom\u00f3vil est\u00e1 equipado con un techo corredizo el\u00e9ctrico que se puede abrir. Es un producto de gran venta en todo el mundo.<\/p>","protected":false},"excerpt":{"rendered":"<p>El Toyota bZ3 es un veh\u00edculo de gama media vendido por DUDU NEV, exportador chino de veh\u00edculos el\u00e9ctricos (concesionario oficial autorizado de Toyota). El veh\u00edculo se encuentra en buen estado, con un kilometraje muy bajo (entre 30.000 y 100.000 km). No ha sufrido accidentes y cuenta con un informe de inspecci\u00f3n. Actualmente hay 400 unidades en stock, disponibles para env\u00edo en 3 d\u00edas. El veh\u00edculo est\u00e1 [\u2026]<\/p>","protected":false},"featured_media":1624,"comment_status":"open","ping_status":"closed","template":"","meta":{"_acf_changed":false},"product_brand":[],"product_cat":[21,45],"product_tag":[],"class_list":{"0":"post-1600","1":"product","2":"type-product","3":"status-publish","4":"has-post-thumbnail","6":"product_cat-used-car","7":"product_cat-used-toyota","9":"first","10":"instock","11":"shipping-taxable","12":"purchasable","13":"product-type-simple"},"acf":[],"_links":{"self":[{"href":"https:\/\/www.cars-in-china.com\/es\/wp-json\/wp\/v2\/product\/1600","targetHints":{"allow":["GET"]}}],"collection":[{"href":"https:\/\/www.cars-in-china.com\/es\/wp-json\/wp\/v2\/product"}],"about":[{"href":"https:\/\/www.cars-in-china.com\/es\/wp-json\/wp\/v2\/types\/product"}],"replies":[{"embeddable":true,"href":"https:\/\/www.cars-in-china.com\/es\/wp-json\/wp\/v2\/comments?post=1600"}],"wp:featuredmedia":[{"embeddable":true,"href":"https:\/\/www.cars-in-china.com\/es\/wp-json\/wp\/v2\/media\/1624"}],"wp:attachment":[{"href":"https:\/\/www.cars-in-china.com\/es\/wp-json\/wp\/v2\/media?parent=1600"}],"wp:term":[{"taxonomy":"product_brand","embeddable":true,"href":"https:\/\/www.cars-in-china.com\/es\/wp-json\/wp\/v2\/product_brand?post=1600"},{"taxonomy":"product_cat","embeddable":true,"href":"https:\/\/www.cars-in-china.com\/es\/wp-json\/wp\/v2\/product_cat?post=1600"},{"taxonomy":"product_tag","embeddable":true,"href":"https:\/\/www.cars-in-china.com\/es\/wp-json\/wp\/v2\/product_tag?post=1600"}],"curies":[{"name":"wp","href":"https:\/\/api.w.org\/{rel}","templated":true}]}}