{"id":15433,"date":"2026-04-03T15:26:36","date_gmt":"2026-04-03T07:26:36","guid":{"rendered":"https:\/\/www.cars-in-china.com\/?post_type=product&#038;p=15433"},"modified":"2026-04-07T15:32:44","modified_gmt":"2026-04-07T07:32:44","slug":"2025-byd-tang-l-dm","status":"publish","type":"product","link":"https:\/\/www.cars-in-china.com\/es\/2025-byd-tang-l-dm\/","title":{"rendered":"BYD TANG L DM 2025"},"content":{"rendered":"<p>El BYD TANG L DM 2025 es un SUV de tama\u00f1o mediano (un SUV familiar h\u00edbrido enchufable, tambi\u00e9n conocido como &quot;Sealion 05 DM-i&quot; en China) vendido por el exportador chino de veh\u00edculos el\u00e9ctricos DUDU NEV (distribuidor oficial autorizado de BYD). DUDU NEV cuenta con certificaciones profesionales y completas, as\u00ed como con procedimientos de exportaci\u00f3n sencillos, y es una unidad piloto de exportaci\u00f3n de autom\u00f3viles aprobada por el Ministerio de Comercio. Actualmente, hay 50 unidades en stock disponibles para env\u00edo en 10 d\u00edas, con una entrega r\u00e1pida. El veh\u00edculo goza de gran popularidad a nivel mundial.<\/p>","protected":false},"excerpt":{"rendered":"<p>El BYD TANG L DM 2025 es un SUV de tama\u00f1o mediano (SUV familiar h\u00edbrido enchufable) que tambi\u00e9n se vende como \u201cSealion 05 DM-i\u201d en China, comercializado por el exportador chino de veh\u00edculos el\u00e9ctricos DUDU NEV (distribuidor oficial autorizado de BYD). DUDU NEV cuenta con cualificaciones profesionales para la exportaci\u00f3n, una documentaci\u00f3n completa y procedimientos de exportaci\u00f3n convenientes, y es una unidad piloto de exportaci\u00f3n de autom\u00f3viles aprobada por el Ministerio de [\u2026]<\/p>","protected":false},"featured_media":15212,"comment_status":"open","ping_status":"closed","template":"","meta":{"_acf_changed":false},"product_brand":[],"product_cat":[20,22],"product_tag":[],"class_list":{"0":"post-15433","1":"product","2":"type-product","3":"status-publish","4":"has-post-thumbnail","6":"product_cat-new-car","7":"product_cat-byd","9":"first","10":"instock","11":"shipping-taxable","12":"purchasable","13":"product-type-simple"},"acf":[],"_links":{"self":[{"href":"https:\/\/www.cars-in-china.com\/es\/wp-json\/wp\/v2\/product\/15433","targetHints":{"allow":["GET"]}}],"collection":[{"href":"https:\/\/www.cars-in-china.com\/es\/wp-json\/wp\/v2\/product"}],"about":[{"href":"https:\/\/www.cars-in-china.com\/es\/wp-json\/wp\/v2\/types\/product"}],"replies":[{"embeddable":true,"href":"https:\/\/www.cars-in-china.com\/es\/wp-json\/wp\/v2\/comments?post=15433"}],"wp:featuredmedia":[{"embeddable":true,"href":"https:\/\/www.cars-in-china.com\/es\/wp-json\/wp\/v2\/media\/15212"}],"wp:attachment":[{"href":"https:\/\/www.cars-in-china.com\/es\/wp-json\/wp\/v2\/media?parent=15433"}],"wp:term":[{"taxonomy":"product_brand","embeddable":true,"href":"https:\/\/www.cars-in-china.com\/es\/wp-json\/wp\/v2\/product_brand?post=15433"},{"taxonomy":"product_cat","embeddable":true,"href":"https:\/\/www.cars-in-china.com\/es\/wp-json\/wp\/v2\/product_cat?post=15433"},{"taxonomy":"product_tag","embeddable":true,"href":"https:\/\/www.cars-in-china.com\/es\/wp-json\/wp\/v2\/product_tag?post=15433"}],"curies":[{"name":"wp","href":"https:\/\/api.w.org\/{rel}","templated":true}]}}