{"id":15398,"date":"2026-03-30T13:11:32","date_gmt":"2026-03-30T05:11:32","guid":{"rendered":"https:\/\/www.cars-in-china.com\/?post_type=product&#038;p=15398"},"modified":"2026-04-01T13:25:47","modified_gmt":"2026-04-01T05:25:47","slug":"2026-byd-qin-l-dm-i","status":"publish","type":"product","link":"https:\/\/www.cars-in-china.com\/es\/2026-byd-qin-l-dm-i\/","title":{"rendered":"BYD QIN L DM-i 2026"},"content":{"rendered":"<p>El BYD QIN L DM-i 2026 es un sed\u00e1n vendido por el exportador chino de autos el\u00e9ctricos DUDU NEV (distribuidor oficial autorizado de BYD). DUDU NEV cuenta con cualificaciones profesionales para la exportaci\u00f3n, una documentaci\u00f3n completa y procedimientos de exportaci\u00f3n sencillos, y es una unidad piloto de exportaci\u00f3n de autom\u00f3viles aprobada por el Ministerio de Comercio. Actualmente hay 50 unidades en stock disponibles para env\u00edo en 10 d\u00edas, con una entrega r\u00e1pida. El auto tiene gran \u00e9xito de ventas en todo el mundo.<\/p>","protected":false},"excerpt":{"rendered":"<p>El BYD QIN L DM-i 2026 es un sed\u00e1n vendido por el exportador chino de veh\u00edculos el\u00e9ctricos DUDU NEV (distribuidor oficial autorizado de BYD). DUDU NEV cuenta con cualificaciones profesionales para la exportaci\u00f3n, una documentaci\u00f3n completa y procedimientos de exportaci\u00f3n sencillos, y es una unidad piloto de exportaci\u00f3n de autom\u00f3viles aprobada por el Ministerio de Comercio. Actualmente hay 50 unidades en stock disponibles [\u2026]<\/p>","protected":false},"featured_media":14867,"comment_status":"open","ping_status":"closed","template":"","meta":{"_acf_changed":false},"product_brand":[],"product_cat":[20,22],"product_tag":[],"class_list":{"0":"post-15398","1":"product","2":"type-product","3":"status-publish","4":"has-post-thumbnail","6":"product_cat-new-car","7":"product_cat-byd","9":"first","10":"instock","11":"shipping-taxable","12":"purchasable","13":"product-type-simple"},"acf":[],"_links":{"self":[{"href":"https:\/\/www.cars-in-china.com\/es\/wp-json\/wp\/v2\/product\/15398","targetHints":{"allow":["GET"]}}],"collection":[{"href":"https:\/\/www.cars-in-china.com\/es\/wp-json\/wp\/v2\/product"}],"about":[{"href":"https:\/\/www.cars-in-china.com\/es\/wp-json\/wp\/v2\/types\/product"}],"replies":[{"embeddable":true,"href":"https:\/\/www.cars-in-china.com\/es\/wp-json\/wp\/v2\/comments?post=15398"}],"wp:featuredmedia":[{"embeddable":true,"href":"https:\/\/www.cars-in-china.com\/es\/wp-json\/wp\/v2\/media\/14867"}],"wp:attachment":[{"href":"https:\/\/www.cars-in-china.com\/es\/wp-json\/wp\/v2\/media?parent=15398"}],"wp:term":[{"taxonomy":"product_brand","embeddable":true,"href":"https:\/\/www.cars-in-china.com\/es\/wp-json\/wp\/v2\/product_brand?post=15398"},{"taxonomy":"product_cat","embeddable":true,"href":"https:\/\/www.cars-in-china.com\/es\/wp-json\/wp\/v2\/product_cat?post=15398"},{"taxonomy":"product_tag","embeddable":true,"href":"https:\/\/www.cars-in-china.com\/es\/wp-json\/wp\/v2\/product_tag?post=15398"}],"curies":[{"name":"wp","href":"https:\/\/api.w.org\/{rel}","templated":true}]}}