{"id":15393,"date":"2026-03-30T11:37:38","date_gmt":"2026-03-30T03:37:38","guid":{"rendered":"https:\/\/www.cars-in-china.com\/?post_type=product&#038;p=15393"},"modified":"2026-03-30T11:56:10","modified_gmt":"2026-03-30T03:56:10","slug":"2025-byd-song-l-ev","status":"publish","type":"product","link":"https:\/\/www.cars-in-china.com\/es\/2025-byd-song-l-ev\/","title":{"rendered":"2025 BYD SONG L EV"},"content":{"rendered":"<p>El BYD SONG L EV 2025 es un SUV vendido por el exportador chino de veh\u00edculos el\u00e9ctricos DUDU NEV (distribuidor oficial autorizado de BYD). DUDU NEV cuenta con cualificaciones profesionales para la exportaci\u00f3n, una documentaci\u00f3n completa y procedimientos de exportaci\u00f3n sencillos, y es una unidad piloto de exportaci\u00f3n de autom\u00f3viles aprobada por el Ministerio de Comercio. Actualmente hay 50 unidades en stock disponibles para env\u00edo en 10 d\u00edas, con una entrega r\u00e1pida. El veh\u00edculo tiene una gran demanda en todo el mundo.<\/p>","protected":false},"excerpt":{"rendered":"<p>El BYD SONG L EV 2025 es un SUV vendido por el exportador chino de veh\u00edculos el\u00e9ctricos DUDU NEV (distribuidor oficial autorizado de BYD). DUDU NEV cuenta con cualificaciones profesionales para la exportaci\u00f3n, una documentaci\u00f3n completa y procedimientos de exportaci\u00f3n sencillos, y es una unidad piloto de exportaci\u00f3n de autom\u00f3viles aprobada por el Ministerio de Comercio. Actualmente hay 50 unidades en stock disponibles [\u2026]<\/p>","protected":false},"featured_media":14765,"comment_status":"open","ping_status":"closed","template":"","meta":{"_acf_changed":false},"product_brand":[],"product_cat":[20,22],"product_tag":[],"class_list":{"0":"post-15393","1":"product","2":"type-product","3":"status-publish","4":"has-post-thumbnail","6":"product_cat-new-car","7":"product_cat-byd","9":"first","10":"instock","11":"shipping-taxable","12":"purchasable","13":"product-type-simple"},"acf":[],"_links":{"self":[{"href":"https:\/\/www.cars-in-china.com\/es\/wp-json\/wp\/v2\/product\/15393","targetHints":{"allow":["GET"]}}],"collection":[{"href":"https:\/\/www.cars-in-china.com\/es\/wp-json\/wp\/v2\/product"}],"about":[{"href":"https:\/\/www.cars-in-china.com\/es\/wp-json\/wp\/v2\/types\/product"}],"replies":[{"embeddable":true,"href":"https:\/\/www.cars-in-china.com\/es\/wp-json\/wp\/v2\/comments?post=15393"}],"wp:featuredmedia":[{"embeddable":true,"href":"https:\/\/www.cars-in-china.com\/es\/wp-json\/wp\/v2\/media\/14765"}],"wp:attachment":[{"href":"https:\/\/www.cars-in-china.com\/es\/wp-json\/wp\/v2\/media?parent=15393"}],"wp:term":[{"taxonomy":"product_brand","embeddable":true,"href":"https:\/\/www.cars-in-china.com\/es\/wp-json\/wp\/v2\/product_brand?post=15393"},{"taxonomy":"product_cat","embeddable":true,"href":"https:\/\/www.cars-in-china.com\/es\/wp-json\/wp\/v2\/product_cat?post=15393"},{"taxonomy":"product_tag","embeddable":true,"href":"https:\/\/www.cars-in-china.com\/es\/wp-json\/wp\/v2\/product_tag?post=15393"}],"curies":[{"name":"wp","href":"https:\/\/api.w.org\/{rel}","templated":true}]}}