{"id":1511,"date":"2024-05-24T02:42:12","date_gmt":"2024-05-24T02:42:12","guid":{"rendered":"https:\/\/www.cars-in-china.com\/?post_type=product&#038;p=1511"},"modified":"2024-08-22T03:02:25","modified_gmt":"2024-08-22T03:02:25","slug":"2021-tnga-1-5l-toyota-corolla","status":"publish","type":"product","link":"https:\/\/www.cars-in-china.com\/es\/2021-tnga-1-5l-toyota-corolla\/","title":{"rendered":"Toyota Corolla TNGA 2021 de 1,5 l"},"content":{"rendered":"<p>El Toyota Corolla TNGA 2021 de 1,5 L es un autom\u00f3vil compacto vendido por el concesionario de autom\u00f3viles el\u00e9ctricos de China DUDU NEV (distribuidor autorizado oficial de Toyota). Este autom\u00f3vil est\u00e1 en buenas condiciones con un kilometraje muy bajo de aproximadamente 30 000 a 60 000 km. No ha sufrido accidentes y tiene un informe de inspecci\u00f3n. Ahora hay 200 unidades en stock del autom\u00f3vil disponibles para env\u00edo en 3 d\u00edas. El autom\u00f3vil est\u00e1 equipado con un techo corredizo que se puede abrir y ahorra combustible. Es una venta caliente en todo el mundo.<\/p>","protected":false},"excerpt":{"rendered":"<p>El Toyota Corolla TNGA 2021 de 1.5L es un coche compacto vendido por el concesionario chino de coches el\u00e9ctricos DUDU NEV (concesionario oficial autorizado de Toyota). Este coche se encuentra en buen estado, con un kilometraje muy bajo, de unos 30.000 a 60.000 km. No ha sufrido accidentes y cuenta con un informe de inspecci\u00f3n. Actualmente hay 200 unidades en stock disponibles para env\u00edo en 3 [\u2026]<\/p>","protected":false},"featured_media":1513,"comment_status":"open","ping_status":"closed","template":"","meta":{"_acf_changed":false},"product_brand":[],"product_cat":[21,45],"product_tag":[],"class_list":{"0":"post-1511","1":"product","2":"type-product","3":"status-publish","4":"has-post-thumbnail","6":"product_cat-used-car","7":"product_cat-used-toyota","9":"first","10":"instock","11":"shipping-taxable","12":"purchasable","13":"product-type-simple"},"acf":[],"_links":{"self":[{"href":"https:\/\/www.cars-in-china.com\/es\/wp-json\/wp\/v2\/product\/1511","targetHints":{"allow":["GET"]}}],"collection":[{"href":"https:\/\/www.cars-in-china.com\/es\/wp-json\/wp\/v2\/product"}],"about":[{"href":"https:\/\/www.cars-in-china.com\/es\/wp-json\/wp\/v2\/types\/product"}],"replies":[{"embeddable":true,"href":"https:\/\/www.cars-in-china.com\/es\/wp-json\/wp\/v2\/comments?post=1511"}],"wp:featuredmedia":[{"embeddable":true,"href":"https:\/\/www.cars-in-china.com\/es\/wp-json\/wp\/v2\/media\/1513"}],"wp:attachment":[{"href":"https:\/\/www.cars-in-china.com\/es\/wp-json\/wp\/v2\/media?parent=1511"}],"wp:term":[{"taxonomy":"product_brand","embeddable":true,"href":"https:\/\/www.cars-in-china.com\/es\/wp-json\/wp\/v2\/product_brand?post=1511"},{"taxonomy":"product_cat","embeddable":true,"href":"https:\/\/www.cars-in-china.com\/es\/wp-json\/wp\/v2\/product_cat?post=1511"},{"taxonomy":"product_tag","embeddable":true,"href":"https:\/\/www.cars-in-china.com\/es\/wp-json\/wp\/v2\/product_tag?post=1511"}],"curies":[{"name":"wp","href":"https:\/\/api.w.org\/{rel}","templated":true}]}}