{"id":14935,"date":"2026-03-26T15:24:51","date_gmt":"2026-03-26T07:24:51","guid":{"rendered":"https:\/\/www.cars-in-china.com\/?post_type=product&#038;p=14935"},"modified":"2026-03-26T15:42:45","modified_gmt":"2026-03-26T07:42:45","slug":"2025-byd-sea-lion-07-ev","status":"publish","type":"product","link":"https:\/\/www.cars-in-china.com\/es\/2025-byd-sea-lion-07-ev\/","title":{"rendered":"BYD SEA LION 07 EV 2025"},"content":{"rendered":"<p>El BYD SEA LION 07 EV 2025 es un SUV vendido por DUDU NEV, exportador chino de veh\u00edculos el\u00e9ctricos (distribuidor oficial autorizado de BYD). DUDU NEV cuenta con certificaciones profesionales y completas, as\u00ed como con procedimientos de exportaci\u00f3n sencillos, y es una unidad piloto de exportaci\u00f3n de autom\u00f3viles aprobada por el Ministerio de Comercio. Actualmente, dispone de 300 unidades en stock, listas para su env\u00edo en 3 d\u00edas, con una entrega r\u00e1pida. El veh\u00edculo goza de gran popularidad a nivel mundial.<\/p>","protected":false},"excerpt":{"rendered":"<p>El BYD SEA LION 07 EV 2025 es un SUV vendido por el exportador chino de veh\u00edculos el\u00e9ctricos DUDU NEV (distribuidor oficial autorizado de BYD). DUDU NEV cuenta con cualificaciones profesionales para la exportaci\u00f3n, una documentaci\u00f3n completa y procedimientos de exportaci\u00f3n sencillos, y es una unidad piloto de exportaci\u00f3n de autom\u00f3viles aprobada por el Ministerio de Comercio. Actualmente hay 300 unidades en stock de este veh\u00edculo [\u2026]<\/p>","protected":false},"featured_media":14715,"comment_status":"open","ping_status":"closed","template":"","meta":{"_acf_changed":false},"product_brand":[],"product_cat":[20,22,28],"product_tag":[],"class_list":{"0":"post-14935","1":"product","2":"type-product","3":"status-publish","4":"has-post-thumbnail","6":"product_cat-new-car","7":"product_cat-byd","8":"product_cat-toyota","10":"first","11":"instock","12":"shipping-taxable","13":"purchasable","14":"product-type-simple"},"acf":[],"_links":{"self":[{"href":"https:\/\/www.cars-in-china.com\/es\/wp-json\/wp\/v2\/product\/14935","targetHints":{"allow":["GET"]}}],"collection":[{"href":"https:\/\/www.cars-in-china.com\/es\/wp-json\/wp\/v2\/product"}],"about":[{"href":"https:\/\/www.cars-in-china.com\/es\/wp-json\/wp\/v2\/types\/product"}],"replies":[{"embeddable":true,"href":"https:\/\/www.cars-in-china.com\/es\/wp-json\/wp\/v2\/comments?post=14935"}],"wp:featuredmedia":[{"embeddable":true,"href":"https:\/\/www.cars-in-china.com\/es\/wp-json\/wp\/v2\/media\/14715"}],"wp:attachment":[{"href":"https:\/\/www.cars-in-china.com\/es\/wp-json\/wp\/v2\/media?parent=14935"}],"wp:term":[{"taxonomy":"product_brand","embeddable":true,"href":"https:\/\/www.cars-in-china.com\/es\/wp-json\/wp\/v2\/product_brand?post=14935"},{"taxonomy":"product_cat","embeddable":true,"href":"https:\/\/www.cars-in-china.com\/es\/wp-json\/wp\/v2\/product_cat?post=14935"},{"taxonomy":"product_tag","embeddable":true,"href":"https:\/\/www.cars-in-china.com\/es\/wp-json\/wp\/v2\/product_tag?post=14935"}],"curies":[{"name":"wp","href":"https:\/\/api.w.org\/{rel}","templated":true}]}}