{"id":1422,"date":"2024-05-22T08:21:31","date_gmt":"2024-05-22T08:21:31","guid":{"rendered":"https:\/\/www.cars-in-china.com\/?post_type=product&#038;p=1422"},"modified":"2024-08-22T03:12:43","modified_gmt":"2024-08-22T03:12:43","slug":"2021-hybrid-toyota-corolla","status":"publish","type":"product","link":"https:\/\/www.cars-in-china.com\/es\/2021-hybrid-toyota-corolla\/","title":{"rendered":"Toyota Corolla h\u00edbrido 1.8L 2021"},"content":{"rendered":"<p>El Toyota Corolla h\u00edbrido de 1,8 L 2021 es un autom\u00f3vil compacto vendido por el concesionario de autom\u00f3viles el\u00e9ctricos de China DUDU NEV (distribuidor autorizado oficial de Toyota). Este autom\u00f3vil est\u00e1 en buenas condiciones con un kilometraje muy bajo de aproximadamente 30 000 a 100 000 km. No ha sufrido accidentes y tiene un informe de inspecci\u00f3n. Ahora hay 400 unidades en stock del autom\u00f3vil disponibles para env\u00edo en 3 d\u00edas. El autom\u00f3vil est\u00e1 equipado con un techo corredizo que se puede abrir y ahorra combustible. Es una venta caliente en todo el mundo.<\/p>","protected":false},"excerpt":{"rendered":"<p>El Toyota Corolla h\u00edbrido 1.8L 2021 es un auto compacto vendido por DUDU NEV (concesionario oficial autorizado de Toyota) en China. Este auto se encuentra en buen estado, con un kilometraje muy bajo, de entre 30,000 y 100,000 km. No ha sufrido accidentes y cuenta con un informe de inspecci\u00f3n. Actualmente hay 400 unidades en stock disponibles para env\u00edo dentro de [\u2026]<\/p>","protected":false},"featured_media":1481,"comment_status":"open","ping_status":"closed","template":"","meta":{"_acf_changed":false},"product_brand":[],"product_cat":[21,45],"product_tag":[],"class_list":{"0":"post-1422","1":"product","2":"type-product","3":"status-publish","4":"has-post-thumbnail","6":"product_cat-used-car","7":"product_cat-used-toyota","9":"first","10":"instock","11":"shipping-taxable","12":"purchasable","13":"product-type-simple"},"acf":[],"_links":{"self":[{"href":"https:\/\/www.cars-in-china.com\/es\/wp-json\/wp\/v2\/product\/1422","targetHints":{"allow":["GET"]}}],"collection":[{"href":"https:\/\/www.cars-in-china.com\/es\/wp-json\/wp\/v2\/product"}],"about":[{"href":"https:\/\/www.cars-in-china.com\/es\/wp-json\/wp\/v2\/types\/product"}],"replies":[{"embeddable":true,"href":"https:\/\/www.cars-in-china.com\/es\/wp-json\/wp\/v2\/comments?post=1422"}],"wp:featuredmedia":[{"embeddable":true,"href":"https:\/\/www.cars-in-china.com\/es\/wp-json\/wp\/v2\/media\/1481"}],"wp:attachment":[{"href":"https:\/\/www.cars-in-china.com\/es\/wp-json\/wp\/v2\/media?parent=1422"}],"wp:term":[{"taxonomy":"product_brand","embeddable":true,"href":"https:\/\/www.cars-in-china.com\/es\/wp-json\/wp\/v2\/product_brand?post=1422"},{"taxonomy":"product_cat","embeddable":true,"href":"https:\/\/www.cars-in-china.com\/es\/wp-json\/wp\/v2\/product_cat?post=1422"},{"taxonomy":"product_tag","embeddable":true,"href":"https:\/\/www.cars-in-china.com\/es\/wp-json\/wp\/v2\/product_tag?post=1422"}],"curies":[{"name":"wp","href":"https:\/\/api.w.org\/{rel}","templated":true}]}}