{"id":1420,"date":"2024-05-22T07:20:27","date_gmt":"2024-05-22T07:20:27","guid":{"rendered":"https:\/\/www.cars-in-china.com\/?post_type=product&#038;p=1420"},"modified":"2024-08-13T06:02:32","modified_gmt":"2024-08-13T06:02:32","slug":"2019-nissan-sylphy","status":"publish","type":"product","link":"https:\/\/www.cars-in-china.com\/es\/2019-nissan-sylphy\/","title":{"rendered":"Nissan Sylphy 2019"},"content":{"rendered":"<p>El Nissan Sylphy 2019 es un autom\u00f3vil compacto vendido por el exportador chino de autom\u00f3viles el\u00e9ctricos DUDU NEV (distribuidor oficial autorizado de Nissan). Tambi\u00e9n se lo conoce como Bluebird. El autom\u00f3vil est\u00e1 en buenas condiciones con un kilometraje muy bajo de aproximadamente 30 000 a 100 000 km. No ha sufrido accidentes y tiene un informe de inspecci\u00f3n. Ahora hay 300 unidades en stock del autom\u00f3vil disponibles para env\u00edo en 3 d\u00edas. El autom\u00f3vil est\u00e1 equipado con un techo corredizo el\u00e9ctrico que se puede abrir y ahorro de combustible. Es un producto de gran venta en todo el mundo.<\/p>","protected":false},"excerpt":{"rendered":"<p>El Nissan Sylphy 2019 es un coche compacto vendido por el exportador chino de coches el\u00e9ctricos DUDU NEV (concesionario oficial autorizado de Nissan). Tambi\u00e9n conocido como Bluebird, se encuentra en buen estado, con un kilometraje muy bajo (entre 30.000 y 100.000 km). No ha sufrido accidentes y cuenta con un informe de inspecci\u00f3n. Actualmente hay 300 unidades en stock. [\u2026]<\/p>","protected":false},"featured_media":1358,"comment_status":"open","ping_status":"closed","template":"","meta":{"_acf_changed":false},"product_brand":[],"product_cat":[21,48],"product_tag":[],"class_list":{"0":"post-1420","1":"product","2":"type-product","3":"status-publish","4":"has-post-thumbnail","6":"product_cat-used-car","7":"product_cat-used-nissan","9":"first","10":"instock","11":"shipping-taxable","12":"purchasable","13":"product-type-simple"},"acf":[],"_links":{"self":[{"href":"https:\/\/www.cars-in-china.com\/es\/wp-json\/wp\/v2\/product\/1420","targetHints":{"allow":["GET"]}}],"collection":[{"href":"https:\/\/www.cars-in-china.com\/es\/wp-json\/wp\/v2\/product"}],"about":[{"href":"https:\/\/www.cars-in-china.com\/es\/wp-json\/wp\/v2\/types\/product"}],"replies":[{"embeddable":true,"href":"https:\/\/www.cars-in-china.com\/es\/wp-json\/wp\/v2\/comments?post=1420"}],"wp:featuredmedia":[{"embeddable":true,"href":"https:\/\/www.cars-in-china.com\/es\/wp-json\/wp\/v2\/media\/1358"}],"wp:attachment":[{"href":"https:\/\/www.cars-in-china.com\/es\/wp-json\/wp\/v2\/media?parent=1420"}],"wp:term":[{"taxonomy":"product_brand","embeddable":true,"href":"https:\/\/www.cars-in-china.com\/es\/wp-json\/wp\/v2\/product_brand?post=1420"},{"taxonomy":"product_cat","embeddable":true,"href":"https:\/\/www.cars-in-china.com\/es\/wp-json\/wp\/v2\/product_cat?post=1420"},{"taxonomy":"product_tag","embeddable":true,"href":"https:\/\/www.cars-in-china.com\/es\/wp-json\/wp\/v2\/product_tag?post=1420"}],"curies":[{"name":"wp","href":"https:\/\/api.w.org\/{rel}","templated":true}]}}