{"id":13345,"date":"2025-09-12T16:20:24","date_gmt":"2025-09-12T08:20:24","guid":{"rendered":"https:\/\/www.cars-in-china.com\/?post_type=product&#038;p=13345"},"modified":"2025-09-16T18:41:52","modified_gmt":"2025-09-16T10:41:52","slug":"2026-volkswagen-talagon","status":"publish","type":"product","link":"https:\/\/www.cars-in-china.com\/es\/2026-volkswagen-talagon\/","title":{"rendered":"Volkswagen Talag\u00f3n 2026"},"content":{"rendered":"<p>El Volkswagen TALAGON 2026 es un SUV mediano-grande comercializado por DUDU NEV, exportador chino de veh\u00edculos el\u00e9ctricos (FAW, concesionario oficial autorizado de Volkswagen). DUDU NEV cuenta con certificaciones profesionales de exportaci\u00f3n, completas certificaciones y procedimientos de exportaci\u00f3n convenientes, y es una unidad piloto de exportaci\u00f3n de autom\u00f3viles aprobada por el Ministerio de Comercio. Actualmente hay 300 unidades en stock disponibles para env\u00edo en 3 d\u00edas y la entrega es r\u00e1pida. El veh\u00edculo es un \u00e9xito de ventas en todo el mundo.<\/p>","protected":false},"excerpt":{"rendered":"<p>&nbsp;<\/p>\n<p>&nbsp;<\/p>\n<p>&nbsp;<\/p>\n<p>&nbsp;<\/p>","protected":false},"featured_media":13230,"comment_status":"closed","ping_status":"closed","template":"","meta":{"_acf_changed":false},"product_brand":[],"product_cat":[20,29],"product_tag":[],"class_list":{"0":"post-13345","1":"product","2":"type-product","3":"status-publish","4":"has-post-thumbnail","6":"product_cat-new-car","7":"product_cat-volkswagen","9":"first","10":"instock","11":"shipping-taxable","12":"purchasable","13":"product-type-simple"},"acf":[],"_links":{"self":[{"href":"https:\/\/www.cars-in-china.com\/es\/wp-json\/wp\/v2\/product\/13345","targetHints":{"allow":["GET"]}}],"collection":[{"href":"https:\/\/www.cars-in-china.com\/es\/wp-json\/wp\/v2\/product"}],"about":[{"href":"https:\/\/www.cars-in-china.com\/es\/wp-json\/wp\/v2\/types\/product"}],"replies":[{"embeddable":true,"href":"https:\/\/www.cars-in-china.com\/es\/wp-json\/wp\/v2\/comments?post=13345"}],"wp:featuredmedia":[{"embeddable":true,"href":"https:\/\/www.cars-in-china.com\/es\/wp-json\/wp\/v2\/media\/13230"}],"wp:attachment":[{"href":"https:\/\/www.cars-in-china.com\/es\/wp-json\/wp\/v2\/media?parent=13345"}],"wp:term":[{"taxonomy":"product_brand","embeddable":true,"href":"https:\/\/www.cars-in-china.com\/es\/wp-json\/wp\/v2\/product_brand?post=13345"},{"taxonomy":"product_cat","embeddable":true,"href":"https:\/\/www.cars-in-china.com\/es\/wp-json\/wp\/v2\/product_cat?post=13345"},{"taxonomy":"product_tag","embeddable":true,"href":"https:\/\/www.cars-in-china.com\/es\/wp-json\/wp\/v2\/product_tag?post=13345"}],"curies":[{"name":"wp","href":"https:\/\/api.w.org\/{rel}","templated":true}]}}