{"id":12919,"date":"2025-04-14T11:20:24","date_gmt":"2025-04-14T03:20:24","guid":{"rendered":"https:\/\/www.cars-in-china.com\/?post_type=product&#038;p=12919"},"modified":"2025-04-14T11:20:25","modified_gmt":"2025-04-14T03:20:25","slug":"2025-byd-seal-06","status":"publish","type":"product","link":"https:\/\/www.cars-in-china.com\/es\/2025-byd-seal-06\/","title":{"rendered":"Sello BYD 2025 06"},"content":{"rendered":"<p>El BYD 2025 Seal 06 es un sed\u00e1n vendido por DUDU NEV, exportador chino de veh\u00edculos el\u00e9ctricos (distribuidor oficial autorizado de BYD). DUDU NEV cuenta con certificaciones profesionales de exportaci\u00f3n, completas certificaciones y procedimientos de exportaci\u00f3n convenientes, y es una unidad piloto de exportaci\u00f3n de autom\u00f3viles aprobada por el Ministerio de Comercio. Actualmente hay 300 unidades en stock disponibles para env\u00edo en 3 d\u00edas y la entrega es r\u00e1pida. El veh\u00edculo es un \u00e9xito de ventas en todo el mundo.<\/p>","protected":false},"excerpt":{"rendered":"<p>&nbsp;<\/p>\n<p>&nbsp;<\/p>\n<p>&nbsp;<\/p>\n<p>&nbsp;<\/p>","protected":false},"featured_media":12935,"comment_status":"closed","ping_status":"closed","template":"","meta":{"_acf_changed":false},"product_brand":[],"product_cat":[20,22],"product_tag":[],"class_list":{"0":"post-12919","1":"product","2":"type-product","3":"status-publish","4":"has-post-thumbnail","6":"product_cat-new-car","7":"product_cat-byd","9":"first","10":"instock","11":"shipping-taxable","12":"purchasable","13":"product-type-simple"},"acf":[],"_links":{"self":[{"href":"https:\/\/www.cars-in-china.com\/es\/wp-json\/wp\/v2\/product\/12919","targetHints":{"allow":["GET"]}}],"collection":[{"href":"https:\/\/www.cars-in-china.com\/es\/wp-json\/wp\/v2\/product"}],"about":[{"href":"https:\/\/www.cars-in-china.com\/es\/wp-json\/wp\/v2\/types\/product"}],"replies":[{"embeddable":true,"href":"https:\/\/www.cars-in-china.com\/es\/wp-json\/wp\/v2\/comments?post=12919"}],"wp:featuredmedia":[{"embeddable":true,"href":"https:\/\/www.cars-in-china.com\/es\/wp-json\/wp\/v2\/media\/12935"}],"wp:attachment":[{"href":"https:\/\/www.cars-in-china.com\/es\/wp-json\/wp\/v2\/media?parent=12919"}],"wp:term":[{"taxonomy":"product_brand","embeddable":true,"href":"https:\/\/www.cars-in-china.com\/es\/wp-json\/wp\/v2\/product_brand?post=12919"},{"taxonomy":"product_cat","embeddable":true,"href":"https:\/\/www.cars-in-china.com\/es\/wp-json\/wp\/v2\/product_cat?post=12919"},{"taxonomy":"product_tag","embeddable":true,"href":"https:\/\/www.cars-in-china.com\/es\/wp-json\/wp\/v2\/product_tag?post=12919"}],"curies":[{"name":"wp","href":"https:\/\/api.w.org\/{rel}","templated":true}]}}