{"id":1161,"date":"2024-05-21T08:42:21","date_gmt":"2024-05-21T08:42:21","guid":{"rendered":"https:\/\/www.cars-in-china.com\/?post_type=product&#038;p=1161"},"modified":"2024-05-24T09:03:01","modified_gmt":"2024-05-24T09:03:01","slug":"2021-volkswagen-id4","status":"publish","type":"product","link":"https:\/\/www.cars-in-china.com\/es\/2021-volkswagen-id4\/","title":{"rendered":"Volkswagen ID.4 2021"},"content":{"rendered":"<p>El Volkswagen ID.4 2021 es un veh\u00edculo todoterreno vendido por el exportador chino de veh\u00edculos el\u00e9ctricos DUDU NEV (distribuidor oficial autorizado de Volkswagen). Este veh\u00edculo se encuentra en buenas condiciones y tiene un kilometraje muy bajo, de unos 50.000 a 100.000 km. No ha sufrido ning\u00fan accidente y tiene un informe de inspecci\u00f3n. Ahora hay 400 unidades en stock del veh\u00edculo disponibles para env\u00edo en 3 d\u00edas. El veh\u00edculo est\u00e1 equipado con un techo corredizo que se puede abrir y ahorra combustible. Es un producto de gran venta en todo el mundo.<\/p>","protected":false},"excerpt":{"rendered":"<p>El Volkswagen ID.4 2021 es un SUV vendido por DUDU NEV, exportador chino de veh\u00edculos el\u00e9ctricos (concesionario oficial autorizado de Volkswagen). Este veh\u00edculo se encuentra en buen estado, con un kilometraje muy bajo, de unos 50.000 a 100.000 km. No ha sufrido accidentes y cuenta con un informe de inspecci\u00f3n. Actualmente hay 400 unidades en stock, disponibles para env\u00edo en 3 d\u00edas. El veh\u00edculo [\u2026]<\/p>","protected":false},"featured_media":1246,"comment_status":"open","ping_status":"closed","template":"","meta":{"_acf_changed":false},"product_brand":[],"product_cat":[21,44],"product_tag":[],"class_list":{"0":"post-1161","1":"product","2":"type-product","3":"status-publish","4":"has-post-thumbnail","6":"product_cat-used-car","7":"product_cat-used-volkswagen","9":"first","10":"instock","11":"shipping-taxable","12":"purchasable","13":"product-type-simple"},"acf":[],"_links":{"self":[{"href":"https:\/\/www.cars-in-china.com\/es\/wp-json\/wp\/v2\/product\/1161","targetHints":{"allow":["GET"]}}],"collection":[{"href":"https:\/\/www.cars-in-china.com\/es\/wp-json\/wp\/v2\/product"}],"about":[{"href":"https:\/\/www.cars-in-china.com\/es\/wp-json\/wp\/v2\/types\/product"}],"replies":[{"embeddable":true,"href":"https:\/\/www.cars-in-china.com\/es\/wp-json\/wp\/v2\/comments?post=1161"}],"wp:featuredmedia":[{"embeddable":true,"href":"https:\/\/www.cars-in-china.com\/es\/wp-json\/wp\/v2\/media\/1246"}],"wp:attachment":[{"href":"https:\/\/www.cars-in-china.com\/es\/wp-json\/wp\/v2\/media?parent=1161"}],"wp:term":[{"taxonomy":"product_brand","embeddable":true,"href":"https:\/\/www.cars-in-china.com\/es\/wp-json\/wp\/v2\/product_brand?post=1161"},{"taxonomy":"product_cat","embeddable":true,"href":"https:\/\/www.cars-in-china.com\/es\/wp-json\/wp\/v2\/product_cat?post=1161"},{"taxonomy":"product_tag","embeddable":true,"href":"https:\/\/www.cars-in-china.com\/es\/wp-json\/wp\/v2\/product_tag?post=1161"}],"curies":[{"name":"wp","href":"https:\/\/api.w.org\/{rel}","templated":true}]}}