{"id":86,"date":"2024-05-01T01:27:12","date_gmt":"2024-05-01T01:27:12","guid":{"rendered":"https:\/\/www.cars-in-china.com\/?page_id=86"},"modified":"2026-02-05T13:07:38","modified_gmt":"2026-02-05T05:07:38","slug":"contact-us","status":"publish","type":"page","link":"https:\/\/www.cars-in-china.com\/es\/contact-us\/","title":{"rendered":"Cont\u00e1ctenos"},"content":{"rendered":"","protected":false},"excerpt":{"rendered":"<p>\u00a1Revisamos r\u00e1pidamente sus necesidades y brindamos soluciones profesionales de compra de autom\u00f3viles el\u00e9ctricos chinos de manera eficiente! Escuchamos y nos preocupamos por sus necesidades, y nuestro personal se comunicar\u00e1 con usted dentro de las 4 horas por correo electr\u00f3nico y tel\u00e9fono.<\/p>","protected":false},"author":1,"featured_media":0,"parent":0,"menu_order":0,"comment_status":"closed","ping_status":"closed","template":"","meta":{"_acf_changed":false,"footnotes":""},"class_list":["post-86","page","type-page","status-publish","hentry"],"acf":[],"_links":{"self":[{"href":"https:\/\/www.cars-in-china.com\/es\/wp-json\/wp\/v2\/pages\/86","targetHints":{"allow":["GET"]}}],"collection":[{"href":"https:\/\/www.cars-in-china.com\/es\/wp-json\/wp\/v2\/pages"}],"about":[{"href":"https:\/\/www.cars-in-china.com\/es\/wp-json\/wp\/v2\/types\/page"}],"author":[{"embeddable":true,"href":"https:\/\/www.cars-in-china.com\/es\/wp-json\/wp\/v2\/users\/1"}],"replies":[{"embeddable":true,"href":"https:\/\/www.cars-in-china.com\/es\/wp-json\/wp\/v2\/comments?post=86"}],"version-history":[{"count":12,"href":"https:\/\/www.cars-in-china.com\/es\/wp-json\/wp\/v2\/pages\/86\/revisions"}],"predecessor-version":[{"id":14464,"href":"https:\/\/www.cars-in-china.com\/es\/wp-json\/wp\/v2\/pages\/86\/revisions\/14464"}],"wp:attachment":[{"href":"https:\/\/www.cars-in-china.com\/es\/wp-json\/wp\/v2\/media?parent=86"}],"curies":[{"name":"wp","href":"https:\/\/api.w.org\/{rel}","templated":true}]}}