{"id":82,"date":"2024-05-01T01:25:39","date_gmt":"2024-05-01T01:25:39","guid":{"rendered":"https:\/\/www.cars-in-china.com\/?page_id=82"},"modified":"2024-09-24T01:50:19","modified_gmt":"2024-09-24T01:50:19","slug":"electric-car-for-sale","status":"publish","type":"page","link":"https:\/\/www.cars-in-china.com\/es\/","title":{"rendered":"Coche el\u00e9ctrico en venta"},"content":{"rendered":"","protected":false},"excerpt":{"rendered":"<p>DUDU NEV es un exportador l\u00edder de veh\u00edculos el\u00e9ctricos chinos y una de las primeras empresas de alta calidad en obtener calificaciones de exportaci\u00f3n de veh\u00edculos el\u00e9ctricos del Ministerio de Comercio de China. DUDU NEV ha establecido asociaciones de expansi\u00f3n en el extranjero con m\u00e1s de 20 fabricantes de veh\u00edculos el\u00e9ctricos, como BMW, Mercedes-Benz, Geely y BYD, y ha brindado constantemente soluciones y servicios de compra de veh\u00edculos el\u00e9ctricos chinos de la m\u00e1s alta calidad a clientes globales.<\/p>","protected":false},"author":1,"featured_media":0,"parent":0,"menu_order":0,"comment_status":"closed","ping_status":"closed","template":"","meta":{"_acf_changed":false,"footnotes":""},"class_list":["post-82","page","type-page","status-publish","hentry"],"acf":[],"_links":{"self":[{"href":"https:\/\/www.cars-in-china.com\/es\/wp-json\/wp\/v2\/pages\/82","targetHints":{"allow":["GET"]}}],"collection":[{"href":"https:\/\/www.cars-in-china.com\/es\/wp-json\/wp\/v2\/pages"}],"about":[{"href":"https:\/\/www.cars-in-china.com\/es\/wp-json\/wp\/v2\/types\/page"}],"author":[{"embeddable":true,"href":"https:\/\/www.cars-in-china.com\/es\/wp-json\/wp\/v2\/users\/1"}],"replies":[{"embeddable":true,"href":"https:\/\/www.cars-in-china.com\/es\/wp-json\/wp\/v2\/comments?post=82"}],"version-history":[{"count":89,"href":"https:\/\/www.cars-in-china.com\/es\/wp-json\/wp\/v2\/pages\/82\/revisions"}],"predecessor-version":[{"id":8959,"href":"https:\/\/www.cars-in-china.com\/es\/wp-json\/wp\/v2\/pages\/82\/revisions\/8959"}],"wp:attachment":[{"href":"https:\/\/www.cars-in-china.com\/es\/wp-json\/wp\/v2\/media?parent=82"}],"curies":[{"name":"wp","href":"https:\/\/api.w.org\/{rel}","templated":true}]}}